{"id":621,"date":"2016-09-13T14:54:43","date_gmt":"2016-09-13T18:54:43","guid":{"rendered":"http:\/\/simon.wps.dev\/fr\/home-equity\/"},"modified":"2017-01-14T22:53:41","modified_gmt":"2017-01-15T03:53:41","slug":"home-equity","status":"publish","type":"page","link":"https:\/\/kimstrynadka.ca\/fr\/mortgages\/home-equity\/","title":{"rendered":"Valeur Nette de la Propri\u00e9t\u00e9"},"content":{"rendered":"<h2>Utiliser la valeur nette de sa propri\u00e9t\u00e9 \u00e0 son avantage<\/h2>\n<div class=\"videoWrapper\">\n<iframe width=\"640\" height=\"360\" src=\"https:\/\/www.youtube.com\/embed\/tZuXfHjGZZk?rel=0\" frameborder=\"0\" allowfullscreen><\/iframe>\n<\/div>\n<p>Les Canadiens ach\u00e8tent leur maison pour une vari\u00e9t\u00e9 de raisons. Certains recherchent la stabilit\u00e9 que procure la possession de leur propre maison alors que d&#8217;autres consid\u00e8rent leur propri\u00e9t\u00e9 comme un v\u00e9hicule d&#8217;investissement. Quelle qu&#8217;en soit la raison, la v\u00e9rit\u00e9 est que l&#8217;accession \u00e0 la propri\u00e9t\u00e9 s&#8217;av\u00e8re \u00eatre, au fil du temps, un investissement fiable et stable dont un grand nombre de Canadiens profitent.<\/p>\n<p>Alors que bien des gens ont profit\u00e9 de la pr\u00e9sente p\u00e9riode de taux d&#8217;int\u00e9r\u00eat r\u00e9duits pour acheter leur premi\u00e8re maison, un grand mouvement s&#8217;est \u00e9galement inscrit dans le refinancement de pr\u00eats au logement et dans l&#8217;utilisation de la valeur nette de la propri\u00e9t\u00e9 \u00e0 des fins de r\u00e9novations r\u00e9sidentielles, d&#8217;investissements, de paiement de frais d&#8217;\u00e9tudes et m\u00eame de consolidation de dettes \u00e0 int\u00e9r\u00eats \u00e9lev\u00e9s. Les Canadiens ont contract\u00e9 un nombre record d&#8217;emprunts garantis sur la valeur nette de leur propri\u00e9t\u00e9, lib\u00e9rant des milliards de dollars en liquidit\u00e9s chaque ann\u00e9e.<\/p>\n<p>Dans le pass\u00e9, beaucoup ont consid\u00e9r\u00e9 leur propri\u00e9t\u00e9 comme un refuge s\u00e9curitaire, alors qu&#8217;aujourd&#8217;hui ils sont plus nombreux que jamais \u00e0 contracter des emprunts sur la valeur nette de leur propri\u00e9t\u00e9 afin d&#8217;\u00e9largir leur portefeuille d&#8217;investissements, d&#8217;\u00e9liminer leurs dettes, d&#8217;envoyer leurs enfants \u00e0 l&#8217;universit\u00e9, de r\u00e9nover leur maison ou m\u00eame d&#8217;augmenter leurs contributions \u00e0 des R\u00c9ER. Alors qu&#8217;autrefois le propri\u00e9taire reposait ses avoirs sur la valeur nette de sa propri\u00e9t\u00e9, il l&#8217;utilise souvent aujourd&#8217;hui \u00e0 son propre avantage.<\/p>\n<p>Utiliser la valeur nette de sa propri\u00e9t\u00e9 est une bonne id\u00e9e, mais il est recommand\u00e9 de le faire avec prudence et de bien comprendre les avantages et les risques \u00e9ventuels qui y sont li\u00e9s. Le mieux est de consulter un courtier hypoth\u00e9caire ainsi qu&#8217;un planificateur financier autoris\u00e9s pour discuter des possibilit\u00e9s de tirer profit de la valeur nette de votre propri\u00e9t\u00e9.<\/p>\n","protected":false},"excerpt":{"rendered":"<p>Beaucoup de gens consid\u00e8rent que l&#8217;une des fa\u00e7ons les plus faciles et abordables d&#8217;obtenir le financement dont ils ont besoin passe par l&#8217;utilisation de la valeur nette accumul\u00e9e de leur maison. C&#8217;est une option tr\u00e8s populaire, surtout lorsque l&#8217;emprunteur dispose d&#8217;une solide hypoth\u00e8que de premier rang.<\/p>\n","protected":false},"author":1,"featured_media":506,"parent":629,"menu_order":0,"comment_status":"closed","ping_status":"closed","template":"","meta":[],"yoast_head":"<!-- This site is optimized with the Yoast SEO plugin v17.1 - https:\/\/yoast.com\/wordpress\/plugins\/seo\/ -->\n<meta name=\"robots\" content=\"index, follow, max-snippet:-1, max-image-preview:large, max-video-preview:-1\" \/>\n<link rel=\"canonical\" href=\"https:\/\/kimstrynadka.ca\/fr\/mortgages\/home-equity\/\" \/>\n<meta property=\"og:locale\" content=\"fr_FR\" \/>\n<meta property=\"og:type\" content=\"article\" \/>\n<meta property=\"og:title\" content=\"Valeur Nette de la Propri\u00e9t\u00e9 - Centres Hypoth\u00e9caires Dominion\" \/>\n<meta property=\"og:description\" content=\"Beaucoup de gens consid\u00e8rent que l&#8217;une des fa\u00e7ons les plus faciles et abordables d&#8217;obtenir le financement dont ils ont besoin passe par l&#8217;utilisation de la valeur nette accumul\u00e9e de leur maison. C&#8217;est une option tr\u00e8s populaire, surtout lorsque l&#8217;emprunteur dispose d&#8217;une solide hypoth\u00e8que de premier rang.\" \/>\n<meta property=\"og:url\" content=\"https:\/\/kimstrynadka.ca\/fr\/mortgages\/home-equity\/\" \/>\n<meta property=\"og:site_name\" content=\"Centres Hypoth\u00e9caires Dominion\" \/>\n<meta property=\"article:modified_time\" content=\"2017-01-15T03:53:41+00:00\" \/>\n<meta property=\"og:image\" content=\"https:\/\/kimstrynadka.ca\/wp-content\/uploads\/2016\/09\/home-equity.jpg\" \/>\n\t<meta property=\"og:image:width\" content=\"1200\" \/>\n\t<meta property=\"og:image:height\" content=\"611\" \/>\n<meta name=\"twitter:card\" content=\"summary\" \/>\n<meta name=\"twitter:label1\" content=\"Dur\u00e9e de lecture est.\" \/>\n\t<meta name=\"twitter:data1\" content=\"2 minutes\" \/>\n<script type=\"application\/ld+json\" class=\"yoast-schema-graph\">{\"@context\":\"https:\/\/schema.org\",\"@graph\":[{\"@type\":\"WebSite\",\"@id\":\"https:\/\/kimstrynadka.ca\/fr\/#website\",\"url\":\"https:\/\/kimstrynadka.ca\/fr\/\",\"name\":\"Centres Hypoth\\u00e9caires Dominion\",\"description\":\"Just another WordPress site\",\"potentialAction\":[{\"@type\":\"SearchAction\",\"target\":{\"@type\":\"EntryPoint\",\"urlTemplate\":\"https:\/\/kimstrynadka.ca\/fr\/?s={search_term_string}\"},\"query-input\":\"required name=search_term_string\"}],\"inLanguage\":\"fr-FR\"},{\"@type\":\"ImageObject\",\"@id\":\"https:\/\/kimstrynadka.ca\/fr\/mortgages\/home-equity\/#primaryimage\",\"inLanguage\":\"fr-FR\",\"url\":\"https:\/\/kimstrynadka.ca\/wp-content\/uploads\/2016\/09\/home-equity.jpg\",\"contentUrl\":\"https:\/\/kimstrynadka.ca\/wp-content\/uploads\/2016\/09\/home-equity.jpg\",\"width\":1200,\"height\":611},{\"@type\":\"WebPage\",\"@id\":\"https:\/\/kimstrynadka.ca\/fr\/mortgages\/home-equity\/#webpage\",\"url\":\"https:\/\/kimstrynadka.ca\/fr\/mortgages\/home-equity\/\",\"name\":\"Valeur Nette de la Propri\\u00e9t\\u00e9 - Centres Hypoth\\u00e9caires Dominion\",\"isPartOf\":{\"@id\":\"https:\/\/kimstrynadka.ca\/fr\/#website\"},\"primaryImageOfPage\":{\"@id\":\"https:\/\/kimstrynadka.ca\/fr\/mortgages\/home-equity\/#primaryimage\"},\"datePublished\":\"2016-09-13T18:54:43+00:00\",\"dateModified\":\"2017-01-15T03:53:41+00:00\",\"breadcrumb\":{\"@id\":\"https:\/\/kimstrynadka.ca\/fr\/mortgages\/home-equity\/#breadcrumb\"},\"inLanguage\":\"fr-FR\",\"potentialAction\":[{\"@type\":\"ReadAction\",\"target\":[\"https:\/\/kimstrynadka.ca\/fr\/mortgages\/home-equity\/\"]}]},{\"@type\":\"BreadcrumbList\",\"@id\":\"https:\/\/kimstrynadka.ca\/fr\/mortgages\/home-equity\/#breadcrumb\",\"itemListElement\":[{\"@type\":\"ListItem\",\"position\":1,\"name\":\"Home\",\"item\":\"https:\/\/kimstrynadka.ca\/fr\/\"},{\"@type\":\"ListItem\",\"position\":2,\"name\":\"Mortgages\",\"item\":\"https:\/\/kimstrynadka.ca\/fr\/mortgages\/\"},{\"@type\":\"ListItem\",\"position\":3,\"name\":\"Valeur Nette de la Propri\\u00e9t\\u00e9\"}]}]}<\/script>\n<!-- \/ Yoast SEO plugin. -->","yoast_head_json":{"robots":{"index":"index","follow":"follow","max-snippet":"max-snippet:-1","max-image-preview":"max-image-preview:large","max-video-preview":"max-video-preview:-1"},"canonical":"https:\/\/kimstrynadka.ca\/fr\/mortgages\/home-equity\/","og_locale":"fr_FR","og_type":"article","og_title":"Valeur Nette de la Propri\u00e9t\u00e9 - Centres Hypoth\u00e9caires Dominion","og_description":"Beaucoup de gens consid\u00e8rent que l&#8217;une des fa\u00e7ons les plus faciles et abordables d&#8217;obtenir le financement dont ils ont besoin passe par l&#8217;utilisation de la valeur nette accumul\u00e9e de leur maison. C&#8217;est une option tr\u00e8s populaire, surtout lorsque l&#8217;emprunteur dispose d&#8217;une solide hypoth\u00e8que de premier rang.","og_url":"https:\/\/kimstrynadka.ca\/fr\/mortgages\/home-equity\/","og_site_name":"Centres Hypoth\u00e9caires Dominion","article_modified_time":"2017-01-15T03:53:41+00:00","og_image":[{"width":1200,"height":611,"url":"https:\/\/kimstrynadka.ca\/wp-content\/uploads\/2016\/09\/home-equity.jpg","path":"\/var\/www\/sites\/wps\/sites\/code\/wp-content\/uploads\/2016\/09\/home-equity.jpg","size":"full","id":506,"alt":"","pixels":733200,"type":"image\/jpeg"}],"twitter_card":"summary","twitter_misc":{"Dur\u00e9e de lecture est.":"2 minutes"},"schema":{"@context":"https:\/\/schema.org","@graph":[{"@type":"WebSite","@id":"https:\/\/kimstrynadka.ca\/fr\/#website","url":"https:\/\/kimstrynadka.ca\/fr\/","name":"Centres Hypoth\u00e9caires Dominion","description":"Just another WordPress site","potentialAction":[{"@type":"SearchAction","target":{"@type":"EntryPoint","urlTemplate":"https:\/\/kimstrynadka.ca\/fr\/?s={search_term_string}"},"query-input":"required name=search_term_string"}],"inLanguage":"fr-FR"},{"@type":"ImageObject","@id":"https:\/\/kimstrynadka.ca\/fr\/mortgages\/home-equity\/#primaryimage","inLanguage":"fr-FR","url":"https:\/\/kimstrynadka.ca\/wp-content\/uploads\/2016\/09\/home-equity.jpg","contentUrl":"https:\/\/kimstrynadka.ca\/wp-content\/uploads\/2016\/09\/home-equity.jpg","width":1200,"height":611},{"@type":"WebPage","@id":"https:\/\/kimstrynadka.ca\/fr\/mortgages\/home-equity\/#webpage","url":"https:\/\/kimstrynadka.ca\/fr\/mortgages\/home-equity\/","name":"Valeur Nette de la Propri\u00e9t\u00e9 - Centres Hypoth\u00e9caires Dominion","isPartOf":{"@id":"https:\/\/kimstrynadka.ca\/fr\/#website"},"primaryImageOfPage":{"@id":"https:\/\/kimstrynadka.ca\/fr\/mortgages\/home-equity\/#primaryimage"},"datePublished":"2016-09-13T18:54:43+00:00","dateModified":"2017-01-15T03:53:41+00:00","breadcrumb":{"@id":"https:\/\/kimstrynadka.ca\/fr\/mortgages\/home-equity\/#breadcrumb"},"inLanguage":"fr-FR","potentialAction":[{"@type":"ReadAction","target":["https:\/\/kimstrynadka.ca\/fr\/mortgages\/home-equity\/"]}]},{"@type":"BreadcrumbList","@id":"https:\/\/kimstrynadka.ca\/fr\/mortgages\/home-equity\/#breadcrumb","itemListElement":[{"@type":"ListItem","position":1,"name":"Home","item":"https:\/\/kimstrynadka.ca\/fr\/"},{"@type":"ListItem","position":2,"name":"Mortgages","item":"https:\/\/kimstrynadka.ca\/fr\/mortgages\/"},{"@type":"ListItem","position":3,"name":"Valeur Nette de la Propri\u00e9t\u00e9"}]}]}},"_links":{"self":[{"href":"https:\/\/kimstrynadka.ca\/fr\/wp-json\/wp\/v2\/pages\/621"}],"collection":[{"href":"https:\/\/kimstrynadka.ca\/fr\/wp-json\/wp\/v2\/pages"}],"about":[{"href":"https:\/\/kimstrynadka.ca\/fr\/wp-json\/wp\/v2\/types\/page"}],"author":[{"embeddable":true,"href":"https:\/\/kimstrynadka.ca\/fr\/wp-json\/wp\/v2\/users\/1"}],"replies":[{"embeddable":true,"href":"https:\/\/kimstrynadka.ca\/fr\/wp-json\/wp\/v2\/comments?post=621"}],"version-history":[{"count":2,"href":"https:\/\/kimstrynadka.ca\/fr\/wp-json\/wp\/v2\/pages\/621\/revisions"}],"predecessor-version":[{"id":925,"href":"https:\/\/kimstrynadka.ca\/fr\/wp-json\/wp\/v2\/pages\/621\/revisions\/925"}],"up":[{"embeddable":true,"href":"https:\/\/kimstrynadka.ca\/fr\/wp-json\/wp\/v2\/pages\/629"}],"wp:featuredmedia":[{"embeddable":true,"href":"https:\/\/kimstrynadka.ca\/fr\/wp-json\/wp\/v2\/media\/506"}],"wp:attachment":[{"href":"https:\/\/kimstrynadka.ca\/fr\/wp-json\/wp\/v2\/media?parent=621"}],"curies":[{"name":"wp","href":"https:\/\/api.w.org\/{rel}","templated":true}]}}